{"id":16,"date":"2020-07-29T12:17:31","date_gmt":"2020-07-29T03:17:31","guid":{"rendered":"https:\/\/citypost.jp\/kokoku\/?page_id=16"},"modified":"2021-02-04T15:11:14","modified_gmt":"2021-02-04T06:11:14","slug":"inquiry","status":"publish","type":"page","link":"https:\/\/citypost.jp\/kokoku\/inquiry\/","title":{"rendered":"\u304a\u554f\u3044\u5408\u308f\u305b"},"content":{"rendered":"<h2 class=\"style2 center\"><img decoding=\"async\" src=\"\/kokoku\/wp-content\/themes\/citypost\/img\/title_icon.png\" alt=\"\u30b7\u30c6\u30a3\u30dd\u30b9\u30c8\u30a2\u30a4\u30b3\u30f3\" \/><br \/>\n\u304a\u554f\u3044\u5408\u308f\u305b<\/h2>\n<div class=\"tel_btn\">\n<a href=\"tel:092-433-0517\"><img decoding=\"async\" id=\"tel_banner\" src=\"\/kokoku\/wp-content\/themes\/citypost\/img\/toiawase_tel.png\" alt=\"\u96fb\u8a71\u3067\u306e\u304a\u554f\u3044\u5408\u308f\u305b\"><\/a>\n<\/div>\n<h3 class=\"title_h3a\">\u30e1\u30fc\u30eb\u3067\u306e\u9023\u7d61\u5148<\/h3>\n<p>\u4e0b\u8a18\u306e\u30d5\u30a9\u30fc\u30e0\u306b\u5fc5\u8981\u4e8b\u9805\u3092\u3054\u8a18\u5165\u306e\u4e0a\u3001\u30d5\u30a9\u30fc\u30e0\u4e0b\u306e\u300c\u9001\u4fe1\u3059\u308b\u300d\u30dc\u30bf\u30f3\u3092\u62bc\u3057\u3066\u304a\u7533\u8fbc\u307f\u4e0b\u3055\u3044\u3002<br \/>\n\u307e\u305f\u9001\u4fe1\u3057\u305f\u969b\u306b\u3001\u9001\u4fe1\u5185\u5bb9\u78ba\u8a8d\u7528\u306e\u81ea\u52d5\u8fd4\u4fe1\u30e1\u30fc\u30eb\u3092\u53d7\u3051\u53d6\u308c\u3066\u3044\u306a\u3044\u65b9\u306f\u3001<br \/>\n\u4e0b\u8a18\u306e\u30c9\u30e1\u30a4\u30f3\u306e\u6307\u5b9a\u306e\u3054\u78ba\u8a8d\u304a\u306d\u304c\u3044\u3057\u307e\u3059\u3002<\/p>\n<p class=\"well2 center\"><strong>\u643a\u5e2f\u30e1\u30fc\u30eb\u3092\u3054\u5229\u7528\u306e<br class=\"sp\"\/>\u304a\u5ba2\u69d8\u3078\u304a\u9858\u3044<\/strong><br \/>\n\u30e1\u30fc\u30eb\u3092\u53d7\u4fe1\u3067\u304d\u308b\u3088\u3046\u304a\u554f\u5408\u308f\u305b\u524d\u306b\u5fc5\u305a\u30c9\u30e1\u30a4\u30f3\u6307\u5b9a\u306e\u8a2d\u5b9a\u3092\u884c\u3063\u3066\u304f\u3060\u3055\u3044\u3002<br \/>\n<strong>\u3054\u6307\u5b9a\u3044\u305f\u3060\u304f\u30c9\u30e1\u30a4\u30f3\uff1a citypost.jp<\/strong><br \/>\n<span style=\"text-align: center;\"><a href=\"https:\/\/www.nttdocomo.co.jp\/info\/spam_mail\/spmode\/domain\/index.html\" target=\"_blank\" rel=\"noopener noreferrer\">docomo\u8a2d\u5b9a\u65b9\u6cd5<\/a>\u3000\u2160\u3000<a href=\"https:\/\/www.softbank.jp\/mobile\/support\/antispam\/settings\/whiteblack\/\" target=\"_blank\" rel=\"noopener noreferrer\">SoftBank\u8a2d\u5b9a\u65b9\u6cd5<\/a>\u3000\u2160\u3000<a href=\"https:\/\/www.au.com\/support\/service\/mobile\/trouble\/mail\/email\/filter\/detail\/domain\/\" target=\"_blank\" rel=\"noopener noreferrer\">au\u8a2d\u5b9a\u65b9\u6cd5<\/a><\/span><\/p>\n<h3 class=\"title_h3a\">\u304a\u554f\u3044\u5408\u308f\u305b\u30d5\u30a9\u30fc\u30e0<\/h3>\n\n<div class=\"wpcf7 no-js\" id=\"wpcf7-f6-o1\" lang=\"ja\" dir=\"ltr\" data-wpcf7-id=\"6\">\n<div class=\"screen-reader-response\"><p role=\"status\" aria-live=\"polite\" aria-atomic=\"true\"><\/p> <ul><\/ul><\/div>\n<form action=\"\/kokoku\/wp-json\/wp\/v2\/pages\/16#wpcf7-f6-o1\" method=\"post\" class=\"wpcf7-form init\" aria-label=\"\u30b3\u30f3\u30bf\u30af\u30c8\u30d5\u30a9\u30fc\u30e0\" novalidate=\"novalidate\" data-status=\"init\">\n<fieldset class=\"hidden-fields-container\"><input type=\"hidden\" name=\"_wpcf7\" value=\"6\" \/><input type=\"hidden\" name=\"_wpcf7_version\" value=\"6.1.5\" \/><input type=\"hidden\" name=\"_wpcf7_locale\" value=\"ja\" \/><input type=\"hidden\" name=\"_wpcf7_unit_tag\" value=\"wpcf7-f6-o1\" \/><input type=\"hidden\" name=\"_wpcf7_container_post\" value=\"0\" \/><input type=\"hidden\" name=\"_wpcf7_posted_data_hash\" value=\"\" \/>\n<\/fieldset>\n<table class=\"table table-bordered table-striped table-contactform7\">\n\t<tr>\n\t\t<th>\n\t\t\t<p><span class=\"required-contactform7\">\u5fc5\u9808<\/span><span class=\"title-contactform7\">\u304a\u540d\u524d<\/span>\n\t\t\t<\/p>\n\t\t<\/th>\n\t\t<td>\n\t\t\t<p><span class=\"wpcf7-form-control-wrap\" data-name=\"your-name\"><input size=\"40\" maxlength=\"400\" class=\"wpcf7-form-control wpcf7-text wpcf7-validates-as-required\" aria-required=\"true\" aria-invalid=\"false\" placeholder=\"\u4f8b\uff1a\u5c71\u7530\u3000\u592a\u90ce\" value=\"\" type=\"text\" name=\"your-name\" \/><\/span>\n\t\t\t<\/p>\n\t\t<\/td>\n\t<\/tr>\n\t<tr>\n\t\t<th>\n\t\t\t<p><span class=\"required-contactform7\">\u5fc5\u9808<\/span><span class=\"title-contactform7\">\u30e1\u30fc\u30eb\u30a2\u30c9\u30ec\u30b9<\/span>\n\t\t\t<\/p>\n\t\t<\/th>\n\t\t<td>\n\t\t\t<p><span class=\"wpcf7-form-control-wrap\" data-name=\"your-email\"><input size=\"40\" maxlength=\"400\" class=\"wpcf7-form-control wpcf7-email wpcf7-validates-as-required wpcf7-text wpcf7-validates-as-email\" aria-required=\"true\" aria-invalid=\"false\" placeholder=\"\u4f8b\uff1a\u00d7\u00d7\u00d7@\u00d7\u00d7\u00d7.com\" value=\"\" type=\"email\" name=\"your-email\" \/><\/span>\n\t\t\t<\/p>\n\t\t<\/td>\n\t<\/tr>\n\t<tr>\n\t\t<th>\n\t\t\t<p><span class=\"required-contactform7\">\u5fc5\u9808<\/span><span class=\"title-contactform7\">\u90f5\u4fbf\u756a\u53f7<\/span>\n\t\t\t<\/p>\n\t\t<\/th>\n\t\t<td>\n\t\t\t<p><span class=\"wpcf7-form-control-wrap\" data-name=\"zip\"><input size=\"40\" maxlength=\"400\" class=\"wpcf7-form-control wpcf7-text wpcf7-validates-as-required\" id=\"zip\" aria-required=\"true\" aria-invalid=\"false\" placeholder=\"\u4f8b\uff1a800-0000\" value=\"\" type=\"text\" name=\"zip\" \/><\/span>\n\t\t\t<\/p>\n\t\t<\/td>\n\t<\/tr>\n\t<tr>\n\t\t<th>\n\t\t\t<p><span class=\"required-contactform7\">\u5fc5\u9808<\/span><span class=\"title-contactform7\">\u3054\u4f4f\u6240<\/span>\n\t\t\t<\/p>\n\t\t<\/th>\n\t\t<td class=\"address-100\">\n\t\t\t<p><span class=\"wpcf7-form-control-wrap\" data-name=\"addr\"><input size=\"40\" maxlength=\"400\" class=\"wpcf7-form-control wpcf7-text wpcf7-validates-as-required\" id=\"addr\" aria-required=\"true\" aria-invalid=\"false\" placeholder=\"\u4f8b\uff1a\u3007\u3007\u770c\u3007\u3007\u5e02\u3007\u3007\u753a1-1-1\" value=\"\" type=\"text\" name=\"addr\" \/><\/span>\n\t\t\t<\/p>\n\t\t<\/td>\n\t<\/tr>\n\t<tr>\n\t\t<th>\n\t\t\t<p><span class=\"required-contactform7\">\u5fc5\u9808<\/span><span class=\"title-contactform7\">\u304a\u96fb\u8a71\u756a\u53f7<\/span>\n\t\t\t<\/p>\n\t\t<\/th>\n\t\t<td>\n\t\t\t<p><span class=\"wpcf7-form-control-wrap\" data-name=\"telphone\"><input size=\"40\" maxlength=\"400\" class=\"wpcf7-form-control wpcf7-text wpcf7-validates-as-required\" aria-required=\"true\" aria-invalid=\"false\" placeholder=\"\u4f8b\uff1a093-123-4567\" value=\"\" type=\"text\" name=\"telphone\" \/><\/span>\n\t\t\t<\/p>\n\t\t<\/td>\n\t<\/tr>\n\t<tr>\n\t\t<th style=\"vertical-align: middle;\">\n\t\t\t<p><span class=\"title-contactform7\">\u30e1\u30c3\u30bb\u30fc\u30b8\u672c\u6587<\/span>\n\t\t\t<\/p>\n\t\t<\/th>\n\t\t<td class=\"message-100\">\n\t\t\t<p><span class=\"wpcf7-form-control-wrap\" data-name=\"your-message\"><textarea cols=\"40\" rows=\"10\" maxlength=\"2000\" class=\"wpcf7-form-control wpcf7-textarea\" aria-invalid=\"false\" placeholder=\"\u3054\u4e0d\u660e\u306a\u70b9\u306a\u3069\" name=\"your-message\"><\/textarea><\/span>\n\t\t\t<\/p>\n\t\t<\/td>\n\t<\/tr>\n<\/table>\n<p><a href=\"\/kokoku\/privacy-policy\" target=\"_blank\" rel=\"noopener\" style=\"font-weight: bold;\">\u25cf\u30d7\u30e9\u30a4\u30d0\u30b7\u30fc\u30dd\u30ea\u30b7\u30fc\u3092\u3054\u78ba\u8a8d\u304f\u3060\u3055\u3044\u3002<\/a><br \/>\n<span class=\"wpcf7-form-control-wrap\" data-name=\"acceptance-798\"><span class=\"wpcf7-form-control wpcf7-acceptance optional\"><span class=\"wpcf7-list-item\"><label><input type=\"checkbox\" name=\"acceptance-798\" value=\"1\" aria-invalid=\"false\" \/><span class=\"wpcf7-list-item-label\">\u30d7\u30e9\u30a4\u30d0\u30b7\u30fc\u30dd\u30ea\u30b7\u30fc\u306b\u540c\u610f\u3057\u307e\u3059\u3002<\/span><\/label><\/span><\/span><\/span>\n<\/p>\n<div class=\"wpcf7-response-output\" aria-hidden=\"true\"><\/div>\n<p><span id=\"wpcf7-69d00a25c47f2-wrapper\" class=\"wpcf7-form-control-wrap taisaku_form1-wrap\" style=\"display:none !important; visibility:hidden !important;\"><label for=\"wpcf7-69d00a25c47f2-field\" class=\"hp-message\">\u3053\u306e\u30d5\u30a3\u30fc\u30eb\u30c9\u306f\u7a7a\u306e\u307e\u307e\u306b\u3057\u3066\u304f\u3060\u3055\u3044\u3002<\/label><input id=\"wpcf7-69d00a25c47f2-field\"  class=\"wpcf7-form-control wpcf7-text\" type=\"text\" name=\"taisaku_form1\" value=\"\" size=\"40\" tabindex=\"-1\" autocomplete=\"new-password\" \/><\/span>\n<\/p>\n<p class=\"text-xs-center\"><input class=\"wpcf7-form-control wpcf7-submit has-spinner btn btn-success btn-lg\" type=\"submit\" value=\"\u9001\u4fe1\u3059\u308b\" \/>\n<\/p>\n<\/form>\n<\/div>\n\n","protected":false},"excerpt":{"rendered":"\u304a\u554f\u3044\u5408\u308f\u305b \u30e1\u30fc\u30eb\u3067\u306e\u9023\u7d61\u5148 \u4e0b\u8a18\u306e\u30d5\u30a9\u30fc\u30e0\u306b\u5fc5\u8981\u4e8b\u9805\u3092\u3054\u8a18\u5165\u306e\u4e0a\u3001\u30d5\u30a9\u30fc\u30e0\u4e0b\u306e\u300c\u9001\u4fe1\u3059\u308b\u300d\u30dc\u30bf\u30f3\u3092\u62bc\u3057\u3066\u304a\u7533\u8fbc\u307f\u4e0b\u3055\u3044\u3002 \u307e\u305f\u9001\u4fe1\u3057\u305f\u969b\u306b\u3001\u9001\u4fe1\u5185\u5bb9\u78ba\u8a8d\u7528\u306e\u81ea\u52d5\u8fd4\u4fe1\u30e1\u30fc\u30eb\u3092\u53d7\u3051\u53d6\u308c\u3066\u3044\u306a\u3044\u65b9\u306f\u3001 \u4e0b\u8a18\u306e\u30c9\u30e1\u30a4\u30f3\u306e\u6307\u5b9a [&hellip;]","protected":false},"author":1,"featured_media":0,"parent":0,"menu_order":7,"comment_status":"closed","ping_status":"closed","template":"page-noside-notitle.php","meta":{"footnotes":""},"class_list":["post-16","page","type-page","status-publish","hentry"],"yoast_head":"<!-- This site is optimized with the Yoast SEO plugin v27.3 - https:\/\/yoast.com\/product\/yoast-seo-wordpress\/ -->\n<title>\u304a\u554f\u3044\u5408\u308f\u305b - \u798f\u5ca1\u306e\u5c4b\u5916\u5e83\u544a\u770b\u677f\u306a\u3089 \u30b7\u30c6\u30a3\u30dd\u30b9\u30c8<\/title>\n<meta name=\"robots\" content=\"index, follow, max-snippet:-1, max-image-preview:large, max-video-preview:-1\" \/>\n<link rel=\"canonical\" href=\"https:\/\/citypost.jp\/kokoku\/inquiry\/\" \/>\n<meta property=\"og:locale\" content=\"ja_JP\" \/>\n<meta property=\"og:type\" content=\"article\" \/>\n<meta property=\"og:title\" content=\"\u304a\u554f\u3044\u5408\u308f\u305b - \u798f\u5ca1\u306e\u5c4b\u5916\u5e83\u544a\u770b\u677f\u306a\u3089 \u30b7\u30c6\u30a3\u30dd\u30b9\u30c8\" \/>\n<meta property=\"og:description\" content=\"\u304a\u554f\u3044\u5408\u308f\u305b \u30e1\u30fc\u30eb\u3067\u306e\u9023\u7d61\u5148 \u4e0b\u8a18\u306e\u30d5\u30a9\u30fc\u30e0\u306b\u5fc5\u8981\u4e8b\u9805\u3092\u3054\u8a18\u5165\u306e\u4e0a\u3001\u30d5\u30a9\u30fc\u30e0\u4e0b\u306e\u300c\u9001\u4fe1\u3059\u308b\u300d\u30dc\u30bf\u30f3\u3092\u62bc\u3057\u3066\u304a\u7533\u8fbc\u307f\u4e0b\u3055\u3044\u3002 \u307e\u305f\u9001\u4fe1\u3057\u305f\u969b\u306b\u3001\u9001\u4fe1\u5185\u5bb9\u78ba\u8a8d\u7528\u306e\u81ea\u52d5\u8fd4\u4fe1\u30e1\u30fc\u30eb\u3092\u53d7\u3051\u53d6\u308c\u3066\u3044\u306a\u3044\u65b9\u306f\u3001 \u4e0b\u8a18\u306e\u30c9\u30e1\u30a4\u30f3\u306e\u6307\u5b9a [&hellip;]\" \/>\n<meta property=\"og:url\" content=\"https:\/\/citypost.jp\/kokoku\/inquiry\/\" \/>\n<meta property=\"og:site_name\" content=\"\u798f\u5ca1\u306e\u5c4b\u5916\u5e83\u544a\u770b\u677f\u306a\u3089 \u30b7\u30c6\u30a3\u30dd\u30b9\u30c8\" \/>\n<meta property=\"article:modified_time\" content=\"2021-02-04T06:11:14+00:00\" \/>\n<meta property=\"og:image\" content=\"https:\/\/citypost.jp\/kokoku\/wp-content\/themes\/citypost\/img\/title_icon.png\" \/>\n<meta name=\"twitter:card\" content=\"summary_large_image\" \/>\n<script type=\"application\/ld+json\" class=\"yoast-schema-graph\">{\"@context\":\"https:\\\/\\\/schema.org\",\"@graph\":[{\"@type\":\"WebPage\",\"@id\":\"https:\\\/\\\/citypost.jp\\\/kokoku\\\/inquiry\\\/\",\"url\":\"https:\\\/\\\/citypost.jp\\\/kokoku\\\/inquiry\\\/\",\"name\":\"\u304a\u554f\u3044\u5408\u308f\u305b - \u798f\u5ca1\u306e\u5c4b\u5916\u5e83\u544a\u770b\u677f\u306a\u3089 \u30b7\u30c6\u30a3\u30dd\u30b9\u30c8\",\"isPartOf\":{\"@id\":\"https:\\\/\\\/citypost.jp\\\/kokoku\\\/#website\"},\"datePublished\":\"2020-07-29T03:17:31+00:00\",\"dateModified\":\"2021-02-04T06:11:14+00:00\",\"breadcrumb\":{\"@id\":\"https:\\\/\\\/citypost.jp\\\/kokoku\\\/inquiry\\\/#breadcrumb\"},\"inLanguage\":\"ja\",\"potentialAction\":[{\"@type\":\"ReadAction\",\"target\":[\"https:\\\/\\\/citypost.jp\\\/kokoku\\\/inquiry\\\/\"]}]},{\"@type\":\"BreadcrumbList\",\"@id\":\"https:\\\/\\\/citypost.jp\\\/kokoku\\\/inquiry\\\/#breadcrumb\",\"itemListElement\":[{\"@type\":\"ListItem\",\"position\":1,\"name\":\"\u30db\u30fc\u30e0\",\"item\":\"https:\\\/\\\/citypost.jp\\\/kokoku\\\/\"},{\"@type\":\"ListItem\",\"position\":2,\"name\":\"\u304a\u554f\u3044\u5408\u308f\u305b\"}]},{\"@type\":\"WebSite\",\"@id\":\"https:\\\/\\\/citypost.jp\\\/kokoku\\\/#website\",\"url\":\"https:\\\/\\\/citypost.jp\\\/kokoku\\\/\",\"name\":\"\u798f\u5ca1\u306e\u5c4b\u5916\u5e83\u544a\u770b\u677f\u306a\u3089 \u30b7\u30c6\u30a3\u30dd\u30b9\u30c8\",\"description\":\"\u30bf\u30fc\u30b2\u30c3\u30c8\u304c\u591a\u304f\u306e\u4eba\u304b\u3099\u8a8d\u77e5\u3057\u3066\u3082\u3089\u3048\u308b\u3088\u3046\u306a\u8a2d\u7f6e\u5834\u6240\u3092\u63a2\u3057\u3001\u3088\u308a\u52b9\u679c\u306e\u3042\u308b\u5e83\u544a\u3092\u8a2d\u7f6e\u81f4\u3057\u307e\u3059\u3002\u798f\u5ca1\u306e\u5c4b\u5916\u5e83\u544a\u770b\u677f\u306e\u3053\u3068\u306a\u3089\u3001\u4ed6\u793e\u3068\u306f\u9055\u3046\u3001\u5c4b\u5916\u52b9\u679c\u3092\u5341\u5206\u306b\u767a\u63ee\u3067\u304d\u308b\u8abf\u67fb\u3084\u30d7\u30e9\u30f3\u30cb\u30f3\u30b0\u304c\u3067\u304d\u308b\u30b7\u30c6\u30a3\u30dd\u30b9\u30c8\u3078\u3002 \u3055\u3089\u306b\u30aa\u30fc\u30ca\u30fc\u3068\u306e\u4ea4\u6e09\u3084\u8a2d\u7f6e\u30fb\u7ba1\u7406\u306a\u3069\u3092\u5168\u3066\u304a\u4efb\u305b\u304f\u3060\u3055\u3044\u3002\",\"publisher\":{\"@id\":\"https:\\\/\\\/citypost.jp\\\/kokoku\\\/#organization\"},\"potentialAction\":[{\"@type\":\"SearchAction\",\"target\":{\"@type\":\"EntryPoint\",\"urlTemplate\":\"https:\\\/\\\/citypost.jp\\\/kokoku\\\/?s={search_term_string}\"},\"query-input\":{\"@type\":\"PropertyValueSpecification\",\"valueRequired\":true,\"valueName\":\"search_term_string\"}}],\"inLanguage\":\"ja\"},{\"@type\":\"Organization\",\"@id\":\"https:\\\/\\\/citypost.jp\\\/kokoku\\\/#organization\",\"name\":\"\u30b7\u30c6\u30a3\u30dd\u30b9\u30c8\",\"url\":\"https:\\\/\\\/citypost.jp\\\/kokoku\\\/\",\"logo\":{\"@type\":\"ImageObject\",\"inLanguage\":\"ja\",\"@id\":\"https:\\\/\\\/citypost.jp\\\/kokoku\\\/#\\\/schema\\\/logo\\\/image\\\/\",\"url\":\"https:\\\/\\\/citypost.jp\\\/kokoku\\\/wp-content\\\/uploads\\\/2020\\\/07\\\/citypost_logo.png\",\"contentUrl\":\"https:\\\/\\\/citypost.jp\\\/kokoku\\\/wp-content\\\/uploads\\\/2020\\\/07\\\/citypost_logo.png\",\"width\":238,\"height\":35,\"caption\":\"\u30b7\u30c6\u30a3\u30dd\u30b9\u30c8\"},\"image\":{\"@id\":\"https:\\\/\\\/citypost.jp\\\/kokoku\\\/#\\\/schema\\\/logo\\\/image\\\/\"}}]}<\/script>\n<!-- \/ Yoast SEO plugin. -->","yoast_head_json":{"title":"\u304a\u554f\u3044\u5408\u308f\u305b - \u798f\u5ca1\u306e\u5c4b\u5916\u5e83\u544a\u770b\u677f\u306a\u3089 \u30b7\u30c6\u30a3\u30dd\u30b9\u30c8","robots":{"index":"index","follow":"follow","max-snippet":"max-snippet:-1","max-image-preview":"max-image-preview:large","max-video-preview":"max-video-preview:-1"},"canonical":"https:\/\/citypost.jp\/kokoku\/inquiry\/","og_locale":"ja_JP","og_type":"article","og_title":"\u304a\u554f\u3044\u5408\u308f\u305b - \u798f\u5ca1\u306e\u5c4b\u5916\u5e83\u544a\u770b\u677f\u306a\u3089 \u30b7\u30c6\u30a3\u30dd\u30b9\u30c8","og_description":"\u304a\u554f\u3044\u5408\u308f\u305b \u30e1\u30fc\u30eb\u3067\u306e\u9023\u7d61\u5148 \u4e0b\u8a18\u306e\u30d5\u30a9\u30fc\u30e0\u306b\u5fc5\u8981\u4e8b\u9805\u3092\u3054\u8a18\u5165\u306e\u4e0a\u3001\u30d5\u30a9\u30fc\u30e0\u4e0b\u306e\u300c\u9001\u4fe1\u3059\u308b\u300d\u30dc\u30bf\u30f3\u3092\u62bc\u3057\u3066\u304a\u7533\u8fbc\u307f\u4e0b\u3055\u3044\u3002 \u307e\u305f\u9001\u4fe1\u3057\u305f\u969b\u306b\u3001\u9001\u4fe1\u5185\u5bb9\u78ba\u8a8d\u7528\u306e\u81ea\u52d5\u8fd4\u4fe1\u30e1\u30fc\u30eb\u3092\u53d7\u3051\u53d6\u308c\u3066\u3044\u306a\u3044\u65b9\u306f\u3001 \u4e0b\u8a18\u306e\u30c9\u30e1\u30a4\u30f3\u306e\u6307\u5b9a [&hellip;]","og_url":"https:\/\/citypost.jp\/kokoku\/inquiry\/","og_site_name":"\u798f\u5ca1\u306e\u5c4b\u5916\u5e83\u544a\u770b\u677f\u306a\u3089 \u30b7\u30c6\u30a3\u30dd\u30b9\u30c8","article_modified_time":"2021-02-04T06:11:14+00:00","og_image":[{"url":"https:\/\/citypost.jp\/kokoku\/wp-content\/themes\/citypost\/img\/title_icon.png","type":"","width":"","height":""}],"twitter_card":"summary_large_image","schema":{"@context":"https:\/\/schema.org","@graph":[{"@type":"WebPage","@id":"https:\/\/citypost.jp\/kokoku\/inquiry\/","url":"https:\/\/citypost.jp\/kokoku\/inquiry\/","name":"\u304a\u554f\u3044\u5408\u308f\u305b - \u798f\u5ca1\u306e\u5c4b\u5916\u5e83\u544a\u770b\u677f\u306a\u3089 \u30b7\u30c6\u30a3\u30dd\u30b9\u30c8","isPartOf":{"@id":"https:\/\/citypost.jp\/kokoku\/#website"},"datePublished":"2020-07-29T03:17:31+00:00","dateModified":"2021-02-04T06:11:14+00:00","breadcrumb":{"@id":"https:\/\/citypost.jp\/kokoku\/inquiry\/#breadcrumb"},"inLanguage":"ja","potentialAction":[{"@type":"ReadAction","target":["https:\/\/citypost.jp\/kokoku\/inquiry\/"]}]},{"@type":"BreadcrumbList","@id":"https:\/\/citypost.jp\/kokoku\/inquiry\/#breadcrumb","itemListElement":[{"@type":"ListItem","position":1,"name":"\u30db\u30fc\u30e0","item":"https:\/\/citypost.jp\/kokoku\/"},{"@type":"ListItem","position":2,"name":"\u304a\u554f\u3044\u5408\u308f\u305b"}]},{"@type":"WebSite","@id":"https:\/\/citypost.jp\/kokoku\/#website","url":"https:\/\/citypost.jp\/kokoku\/","name":"\u798f\u5ca1\u306e\u5c4b\u5916\u5e83\u544a\u770b\u677f\u306a\u3089 \u30b7\u30c6\u30a3\u30dd\u30b9\u30c8","description":"\u30bf\u30fc\u30b2\u30c3\u30c8\u304c\u591a\u304f\u306e\u4eba\u304b\u3099\u8a8d\u77e5\u3057\u3066\u3082\u3089\u3048\u308b\u3088\u3046\u306a\u8a2d\u7f6e\u5834\u6240\u3092\u63a2\u3057\u3001\u3088\u308a\u52b9\u679c\u306e\u3042\u308b\u5e83\u544a\u3092\u8a2d\u7f6e\u81f4\u3057\u307e\u3059\u3002\u798f\u5ca1\u306e\u5c4b\u5916\u5e83\u544a\u770b\u677f\u306e\u3053\u3068\u306a\u3089\u3001\u4ed6\u793e\u3068\u306f\u9055\u3046\u3001\u5c4b\u5916\u52b9\u679c\u3092\u5341\u5206\u306b\u767a\u63ee\u3067\u304d\u308b\u8abf\u67fb\u3084\u30d7\u30e9\u30f3\u30cb\u30f3\u30b0\u304c\u3067\u304d\u308b\u30b7\u30c6\u30a3\u30dd\u30b9\u30c8\u3078\u3002 \u3055\u3089\u306b\u30aa\u30fc\u30ca\u30fc\u3068\u306e\u4ea4\u6e09\u3084\u8a2d\u7f6e\u30fb\u7ba1\u7406\u306a\u3069\u3092\u5168\u3066\u304a\u4efb\u305b\u304f\u3060\u3055\u3044\u3002","publisher":{"@id":"https:\/\/citypost.jp\/kokoku\/#organization"},"potentialAction":[{"@type":"SearchAction","target":{"@type":"EntryPoint","urlTemplate":"https:\/\/citypost.jp\/kokoku\/?s={search_term_string}"},"query-input":{"@type":"PropertyValueSpecification","valueRequired":true,"valueName":"search_term_string"}}],"inLanguage":"ja"},{"@type":"Organization","@id":"https:\/\/citypost.jp\/kokoku\/#organization","name":"\u30b7\u30c6\u30a3\u30dd\u30b9\u30c8","url":"https:\/\/citypost.jp\/kokoku\/","logo":{"@type":"ImageObject","inLanguage":"ja","@id":"https:\/\/citypost.jp\/kokoku\/#\/schema\/logo\/image\/","url":"https:\/\/citypost.jp\/kokoku\/wp-content\/uploads\/2020\/07\/citypost_logo.png","contentUrl":"https:\/\/citypost.jp\/kokoku\/wp-content\/uploads\/2020\/07\/citypost_logo.png","width":238,"height":35,"caption":"\u30b7\u30c6\u30a3\u30dd\u30b9\u30c8"},"image":{"@id":"https:\/\/citypost.jp\/kokoku\/#\/schema\/logo\/image\/"}}]}},"_links":{"self":[{"href":"https:\/\/citypost.jp\/kokoku\/wp-json\/wp\/v2\/pages\/16","targetHints":{"allow":["GET"]}}],"collection":[{"href":"https:\/\/citypost.jp\/kokoku\/wp-json\/wp\/v2\/pages"}],"about":[{"href":"https:\/\/citypost.jp\/kokoku\/wp-json\/wp\/v2\/types\/page"}],"author":[{"embeddable":true,"href":"https:\/\/citypost.jp\/kokoku\/wp-json\/wp\/v2\/users\/1"}],"replies":[{"embeddable":true,"href":"https:\/\/citypost.jp\/kokoku\/wp-json\/wp\/v2\/comments?post=16"}],"version-history":[{"count":13,"href":"https:\/\/citypost.jp\/kokoku\/wp-json\/wp\/v2\/pages\/16\/revisions"}],"predecessor-version":[{"id":55,"href":"https:\/\/citypost.jp\/kokoku\/wp-json\/wp\/v2\/pages\/16\/revisions\/55"}],"wp:attachment":[{"href":"https:\/\/citypost.jp\/kokoku\/wp-json\/wp\/v2\/media?parent=16"}],"curies":[{"name":"wp","href":"https:\/\/api.w.org\/{rel}","templated":true}]}}